{"id":33,"date":"2020-10-09T13:35:53","date_gmt":"2020-10-09T11:35:53","guid":{"rendered":"https:\/\/oompot-nieuwvliet.brands-and-friends.de\/?page_id=33"},"modified":"2022-03-23T15:29:23","modified_gmt":"2022-03-23T14:29:23","slug":"datenschutz","status":"publish","type":"page","link":"https:\/\/roompot-nieuwvliet.com\/en\/datenschutz\/","title":{"rendered":"Datenschutz"},"content":{"rendered":"\n<div class=\"wp-block-group fixed-size\"><div class=\"wp-block-group__inner-container is-layout-flow wp-block-group-is-layout-flow\">\n<h3 class=\"has-text-align-center wp-block-heading\">Datenschutz<\/h3>\n\n\n\n<p class=\"has-text-align-center\">Wir weisen darauf hin, dass die Daten\u00fcbertragung im Internet (z.B. bei der Kommunikation per E-Mail) Sicherheitsl\u00fccken aufweisen kann. Ein l\u00fcckenloser Schutz der Daten vor dem Zugriff durch Dritte ist nicht m\u00f6glich.<\/p>\n\n\n\n<p class=\"has-text-align-center\"><strong>Datenschutzerkl\u00e4rung f\u00fcr die Nutzung von Facebook-Plugins (Like-Button)<\/strong><\/p>\n\n\n\n<p class=\"has-text-align-center\">http:\/\/developers.facebook.com\/docs\/plugins\/.<br>Wenn Sie unsere Seiten besuchen, wird \u00fcber das Plugin eine direkte Verbindung zwischen Ihrem Browser und dem Facebook-Server hergestellt. Facebook erh\u00e4lt dadurch die Information, dass Sie mit Ihrer IP-Adresse unsere Seite besucht haben. Wenn Sie den Facebook \u201eLike-Button\u201c anklicken w\u00e4hrend Sie in Ihrem Facebook-Account eingeloggt sind, k\u00f6nnen Sie die Inhalte unserer Seiten auf Ihrem Facebook-Profil verlinken. Dadurch kann Facebook den Besuch unserer Seiten Ihrem Benutzerkonto zuordnen. Wir weisen darauf hin, dass wir als Anbieter der Seiten keine Kenntnis vom Inhalt der \u00fcbermittelten Daten sowie deren Nutzung durch Facebook erhalten. Weitere Informationen hierzu finden Sie in der Datenschutzerkl\u00e4rung von facebook unter&nbsp;<a href=\"http:\/\/de-de.facebook.com\/policy.php\" target=\"_blank\" rel=\"noreferrer noopener\">http:\/\/de-de.facebook.com\/policy.php<\/a><\/p>\n\n\n\n<p class=\"has-text-align-center\"><strong>Datenschutzerkl\u00e4rung f\u00fcr die Nutzung von Google Analytics<\/strong><\/p>\n\n\n\n<p class=\"has-text-align-center\">Sie k\u00f6nnen die Speicherung der Cookies durch eine entsprechende Einstellung Ihrer Browser-Software verhindern; wir weisen Sie jedoch darauf hin, dass Sie in diesem Fall gegebenenfalls nicht s\u00e4mtliche Funktionen dieser Website vollumf\u00e4nglich werden nutzen k\u00f6nnen. Sie k\u00f6nnen dar\u00fcber hinaus die Erfassung der durch das Cookie erzeugten und auf Ihre Nutzung der Website bezogenen Daten (inkl. Ihrer IP-Adresse) an Google sowie die Verarbeitung dieser Daten durch Google verhindern, indem sie das unter dem folgenden Link verf\u00fcgbare Browser-Plugin herunterladen und installieren:&nbsp;<a href=\"http:\/\/tools.google.com\/dlpage\/gaoptout?hl=de\">http:\/\/tools.google.com\/dlpage\/gaoptout?hl=de<\/a>.<\/p>\n\n\n\n<p class=\"has-text-align-center\">Diese Website benutzt Google AdSense, einen Dienst zum Einbinden von Werbeanzeigen der Google Inc. (\u201eGoogle\u201c). Google AdSense verwendet sog. \u201eCookies\u201c, Textdateien, die auf Ihrem Computer gespeichert werden und die eine Analyse der Benutzung der Website erm\u00f6glicht. Google AdSense verwendet auch so genannte Web Beacons (unsichtbare Grafiken). Durch diese Web Beacons k\u00f6nnen Informationen wie der Besucherverkehr auf diesen Seiten ausgewertet werden.<\/p>\n\n\n\n<p class=\"has-text-align-center\">Sie k\u00f6nnen die Installation der Cookies durch eine entsprechende Einstellung Ihrer Browser Software verhindern; wir weisen Sie jedoch darauf hin, dass Sie in diesem Fall gegebenenfalls nicht s\u00e4mtliche Funktionen dieser Website voll umf\u00e4nglich nutzen k\u00f6nnen. Durch die Nutzung dieser Website erkl\u00e4ren Sie sich mit der Bearbeitung der \u00fcber Sie erhobenen Daten durch Google in der zuvor beschriebenen Art und Weise und zu dem zuvor benannten Zweck einverstanden.<\/p>\n\n\n\n<p class=\"has-text-align-center\"><em>Erfassung und Weitergabe von Informationen:<\/em><br>Mithilfe der Google +1-Schaltfl\u00e4che k\u00f6nnen Sie Informationen weltweit ver\u00f6ffentlichen. \u00dcber die Google +1-Schaltfl\u00e4che erhalten Sie und andere Nutzer personalisierte Inhalte von Google und unseren Partnern. Google speichert sowohl die Information, dass Sie f\u00fcr einen Inhalt +1 gegeben haben, als auch Informationen \u00fcber die Seite, die Sie beim Klicken auf +1 angesehen haben. Ihre +1 k\u00f6nnen als Hinweise zusammen mit Ihrem Profilnamen und Ihrem Foto in Google-Diensten, wie etwa in Suchergebnissen oder in Ihrem Google-Profil, oder an anderen Stellen auf Websites und Anzeigen im Internet eingeblendet werden.<br>Google zeichnet Informationen \u00fcber Ihre +1-Aktivit\u00e4ten auf, um die Google-Dienste f\u00fcr Sie und andere zu verbessern. Um die Google +1-Schaltfl\u00e4che verwenden zu k\u00f6nnen, ben\u00f6tigen Sie ein weltweit sichtbares, \u00f6ffentliches Google-Profil, das zumindest den f\u00fcr das Profil gew\u00e4hlten Namen enthalten muss. Dieser Name wird in allen Google-Diensten verwendet. In manchen F\u00e4llen kann dieser Name auch einen anderen Namen ersetzen, den Sie beim Teilen von Inhalten \u00fcber Ihr Google-Konto verwendet haben. Die Identit\u00e4t Ihres Google-Profils kann Nutzern angezeigt werden, die Ihre E-Mail-Adresse kennen oder \u00fcber andere identifizierende Informationen von Ihnen verf\u00fcgen.<\/p>\n\n\n\n<p class=\"has-text-align-center\"><em>Verwendung der erfassten Informationen:<\/em><br>Neben den oben erl\u00e4uterten Verwendungszwecken werden die von Ihnen bereitgestellten Informationen gem\u00e4\u00df den geltenden Google-Datenschutzbestimmungen genutzt. Google ver\u00f6ffentlicht m\u00f6glicherweise zusammengefasste Statistiken \u00fcber die +1-Aktivit\u00e4ten der Nutzer bzw. gibt diese an Nutzer und Partner weiter, wie etwa Publisher, Inserenten oder verbundene Websites.<\/p>\n\n\n\n<p class=\"has-text-align-center\">Auf unseren Seiten sind Funktionen des Dienstes Twitter eingebunden. Diese Funktionen werden angeboten durch die Twitter Inc., Twitter, Inc. 1355 Market St, Suite 900, San Francisco, CA 94103, USA. Durch das Benutzen von Twitter und der Funktion \u201eRe-Tweet\u201c werden die von Ihnen besuchten Webseiten mit Ihrem Twitter-Account verkn\u00fcpft und anderen Nutzern bekannt gegeben. Dabei werden auch Daten an Twitter \u00fcbertragen.<\/p>\n\n\n\n<p class=\"has-text-align-center\"><a href=\"http:\/\/twitter.com\/privacy.\">http:\/\/twitter.com\/privacy.<\/a><\/p>\n\n\n\n<p class=\"has-text-align-center\">http:\/\/twitter.com\/account\/settings \u00e4ndern.<\/p>\n\n\n\n<p class=\"has-text-align-center\">Sie haben jederzeit das Recht auf unentgeltliche Auskunft \u00fcber Ihre gespeicherten personenbezogenen Daten, deren Herkunft und Empf\u00e4nger und den Zweck der Datenverarbeitung sowie ein Recht auf Berichtigung, Sperrung oder L\u00f6schung dieser Daten. Hierzu sowie zu weiteren Fragen zum Thema personenbezogene Daten k\u00f6nnen Sie sich jederzeit \u00fcber die im Impressum angegeben Adresse des Webseitenbetreibers an uns wenden.<\/p>\n\n\n\n<p class=\"has-text-align-center\">Facebook Datenschutzerkl\u00e4rung,&nbsp;<a href=\"http:\/\/www.google.com\/intl\/de\/analytics\/learn\/privacy.html\" target=\"_blank\" rel=\"noreferrer noopener\">Google Analytics Datenschutzerkl\u00e4rung<\/a>,&nbsp;<a href=\"http:\/\/www.e-recht24.de\/artikel\/datenschutz\/6635-datenschutz-rechtliche-risiken-bei-der-nutzung-von-google-analytics-und-googleadsense.html\" target=\"_blank\" rel=\"noreferrer noopener\">eRecht24 Datenschutzerkl\u00e4rung Google Adsense<\/a>,&nbsp;<a href=\"http:\/\/www.google.com\/intl\/de\/+\/policy\/+1button.html\" target=\"_blank\" rel=\"noreferrer noopener\">Datenschutzerkl\u00e4rung f\u00fcr Google +1<\/a>,&nbsp;<a href=\"http:\/\/twitter.com\/privacy\" target=\"_blank\" rel=\"noreferrer noopener\">Twitter Bedingungen<\/a><\/p>\n<\/div><\/div>\n","protected":false},"excerpt":{"rendered":"<p>Datenschutz Wir weisen darauf hin, dass die Daten\u00fcbertragung im Internet (z.B. bei der Kommunikation per E-Mail) Sicherheitsl\u00fccken aufweisen kann. Ein l\u00fcckenloser Schutz der Daten vor dem Zugriff durch Dritte ist nicht m\u00f6glich. Datenschutzerkl\u00e4rung f\u00fcr die Nutzung von Facebook-Plugins (Like-Button) http:\/\/developers.facebook.com\/docs\/plugins\/.Wenn Sie unsere Seiten besuchen, wird \u00fcber das Plugin eine direkte Verbindung zwischen Ihrem Browser und [&hellip;]<\/p>\n","protected":false},"author":1,"featured_media":0,"parent":0,"menu_order":0,"comment_status":"closed","ping_status":"closed","template":"","meta":{"footnotes":""},"class_list":["post-33","page","type-page","status-publish","hentry"],"yoast_head":"<!-- This site is optimized with the Yoast SEO plugin v25.9 - https:\/\/yoast.com\/wordpress\/plugins\/seo\/ -->\n<title>Ferienhaus unter Reet \u25baRoompot Nieuwvliet \u25baRuhig gelegen im Park<\/title>\n<meta name=\"description\" content=\"Traumferienhaus unter Reet direkt an der Nordsee \u25ba Waschmaschine &amp; Trockner \u25ba Private Ladestation \u25ba Haustiere Willkommen \u25baBeach Resort Nr. 387\" \/>\n<meta name=\"robots\" content=\"index, follow, max-snippet:-1, max-image-preview:large, max-video-preview:-1\" \/>\n<link rel=\"canonical\" href=\"https:\/\/roompot-nieuwvliet.com\/en\/datenschutz\/\" \/>\n<meta property=\"og:locale\" content=\"en_US\" \/>\n<meta property=\"og:locale:alternate\" content=\"de_DE\" \/>\n<meta property=\"og:locale:alternate\" content=\"nl_NL\" \/>\n<meta property=\"og:type\" content=\"article\" \/>\n<meta property=\"og:title\" content=\"Ferienhaus unter Reet \u25baRoompot Nieuwvliet \u25baRuhig gelegen im Park\" \/>\n<meta property=\"og:description\" content=\"Traumferienhaus unter Reet direkt an der Nordsee \u25ba Waschmaschine &amp; Trockner \u25ba Private Ladestation \u25ba Haustiere Willkommen \u25baBeach Resort Nr. 387\" \/>\n<meta property=\"og:url\" content=\"https:\/\/roompot-nieuwvliet.com\/en\/datenschutz\/\" \/>\n<meta property=\"og:site_name\" content=\"Beach Resort Nieuwvliet-Bad\" \/>\n<meta property=\"article:modified_time\" content=\"2022-03-23T14:29:23+00:00\" \/>\n<meta name=\"twitter:card\" content=\"summary_large_image\" \/>\n<meta name=\"twitter:label1\" content=\"Est. reading time\" \/>\n\t<meta name=\"twitter:data1\" content=\"4 minutes\" \/>\n<script type=\"application\/ld+json\" class=\"yoast-schema-graph\">{\"@context\":\"https:\/\/schema.org\",\"@graph\":[{\"@type\":\"WebPage\",\"@id\":\"https:\/\/roompot-nieuwvliet.com\/datenschutz\/\",\"url\":\"https:\/\/roompot-nieuwvliet.com\/datenschutz\/\",\"name\":\"Ferienhaus unter Reet \u25baRoompot Nieuwvliet \u25baRuhig gelegen im Park\",\"isPartOf\":{\"@id\":\"https:\/\/roompot-nieuwvliet.com\/#website\"},\"datePublished\":\"2020-10-09T11:35:53+00:00\",\"dateModified\":\"2022-03-23T14:29:23+00:00\",\"description\":\"Traumferienhaus unter Reet direkt an der Nordsee \u25ba Waschmaschine & Trockner \u25ba Private Ladestation \u25ba Haustiere Willkommen \u25baBeach Resort Nr. 387\",\"breadcrumb\":{\"@id\":\"https:\/\/roompot-nieuwvliet.com\/datenschutz\/#breadcrumb\"},\"inLanguage\":\"en-US\",\"potentialAction\":[{\"@type\":\"ReadAction\",\"target\":[\"https:\/\/roompot-nieuwvliet.com\/datenschutz\/\"]}]},{\"@type\":\"BreadcrumbList\",\"@id\":\"https:\/\/roompot-nieuwvliet.com\/datenschutz\/#breadcrumb\",\"itemListElement\":[{\"@type\":\"ListItem\",\"position\":1,\"name\":\"Startseite\",\"item\":\"https:\/\/roompot-nieuwvliet.com\/\"},{\"@type\":\"ListItem\",\"position\":2,\"name\":\"Datenschutz\"}]},{\"@type\":\"WebSite\",\"@id\":\"https:\/\/roompot-nieuwvliet.com\/#website\",\"url\":\"https:\/\/roompot-nieuwvliet.com\/\",\"name\":\"Beach Resort Nieuwvliet-Bad\",\"description\":\"Diese neue freistehende Villa eignet sich f\u00fcr 6 Personen. \u00dcber den Flur gelangen Sie in das gem\u00fctliche Wohnzimmer mit Smart-TV und angrenzendem Essbereich.\",\"publisher\":{\"@id\":\"https:\/\/roompot-nieuwvliet.com\/#organization\"},\"potentialAction\":[{\"@type\":\"SearchAction\",\"target\":{\"@type\":\"EntryPoint\",\"urlTemplate\":\"https:\/\/roompot-nieuwvliet.com\/?s={search_term_string}\"},\"query-input\":{\"@type\":\"PropertyValueSpecification\",\"valueRequired\":true,\"valueName\":\"search_term_string\"}}],\"inLanguage\":\"en-US\"},{\"@type\":\"Organization\",\"@id\":\"https:\/\/roompot-nieuwvliet.com\/#organization\",\"name\":\"Beach Resort Nieuwvliet-Bad\",\"url\":\"https:\/\/roompot-nieuwvliet.com\/\",\"logo\":{\"@type\":\"ImageObject\",\"inLanguage\":\"en-US\",\"@id\":\"https:\/\/roompot-nieuwvliet.com\/#\/schema\/logo\/image\/\",\"url\":\"https:\/\/roompot-nieuwvliet.com\/wp-content\/uploads\/2021\/03\/Bild-Haus-Drohne.jpg\",\"contentUrl\":\"https:\/\/roompot-nieuwvliet.com\/wp-content\/uploads\/2021\/03\/Bild-Haus-Drohne.jpg\",\"width\":944,\"height\":631,\"caption\":\"Beach Resort Nieuwvliet-Bad\"},\"image\":{\"@id\":\"https:\/\/roompot-nieuwvliet.com\/#\/schema\/logo\/image\/\"},\"sameAs\":[\"https:\/\/www.pinterest.de\/roompotnieuwvliet\/_saved\/\"]}]}<\/script>\n<!-- \/ Yoast SEO plugin. -->","yoast_head_json":{"title":"Ferienhaus unter Reet \u25baRoompot Nieuwvliet \u25baRuhig gelegen im Park","description":"Traumferienhaus unter Reet direkt an der Nordsee \u25ba Waschmaschine & Trockner \u25ba Private Ladestation \u25ba Haustiere Willkommen \u25baBeach Resort Nr. 387","robots":{"index":"index","follow":"follow","max-snippet":"max-snippet:-1","max-image-preview":"max-image-preview:large","max-video-preview":"max-video-preview:-1"},"canonical":"https:\/\/roompot-nieuwvliet.com\/en\/datenschutz\/","og_locale":"en_US","og_type":"article","og_title":"Ferienhaus unter Reet \u25baRoompot Nieuwvliet \u25baRuhig gelegen im Park","og_description":"Traumferienhaus unter Reet direkt an der Nordsee \u25ba Waschmaschine & Trockner \u25ba Private Ladestation \u25ba Haustiere Willkommen \u25baBeach Resort Nr. 387","og_url":"https:\/\/roompot-nieuwvliet.com\/en\/datenschutz\/","og_site_name":"Beach Resort Nieuwvliet-Bad","article_modified_time":"2022-03-23T14:29:23+00:00","twitter_card":"summary_large_image","twitter_misc":{"Est. reading time":"4 minutes"},"schema":{"@context":"https:\/\/schema.org","@graph":[{"@type":"WebPage","@id":"https:\/\/roompot-nieuwvliet.com\/datenschutz\/","url":"https:\/\/roompot-nieuwvliet.com\/datenschutz\/","name":"Ferienhaus unter Reet \u25baRoompot Nieuwvliet \u25baRuhig gelegen im Park","isPartOf":{"@id":"https:\/\/roompot-nieuwvliet.com\/#website"},"datePublished":"2020-10-09T11:35:53+00:00","dateModified":"2022-03-23T14:29:23+00:00","description":"Traumferienhaus unter Reet direkt an der Nordsee \u25ba Waschmaschine & Trockner \u25ba Private Ladestation \u25ba Haustiere Willkommen \u25baBeach Resort Nr. 387","breadcrumb":{"@id":"https:\/\/roompot-nieuwvliet.com\/datenschutz\/#breadcrumb"},"inLanguage":"en-US","potentialAction":[{"@type":"ReadAction","target":["https:\/\/roompot-nieuwvliet.com\/datenschutz\/"]}]},{"@type":"BreadcrumbList","@id":"https:\/\/roompot-nieuwvliet.com\/datenschutz\/#breadcrumb","itemListElement":[{"@type":"ListItem","position":1,"name":"Startseite","item":"https:\/\/roompot-nieuwvliet.com\/"},{"@type":"ListItem","position":2,"name":"Datenschutz"}]},{"@type":"WebSite","@id":"https:\/\/roompot-nieuwvliet.com\/#website","url":"https:\/\/roompot-nieuwvliet.com\/","name":"Beach Resort Nieuwvliet-Bad","description":"Diese neue freistehende Villa eignet sich f\u00fcr 6 Personen. \u00dcber den Flur gelangen Sie in das gem\u00fctliche Wohnzimmer mit Smart-TV und angrenzendem Essbereich.","publisher":{"@id":"https:\/\/roompot-nieuwvliet.com\/#organization"},"potentialAction":[{"@type":"SearchAction","target":{"@type":"EntryPoint","urlTemplate":"https:\/\/roompot-nieuwvliet.com\/?s={search_term_string}"},"query-input":{"@type":"PropertyValueSpecification","valueRequired":true,"valueName":"search_term_string"}}],"inLanguage":"en-US"},{"@type":"Organization","@id":"https:\/\/roompot-nieuwvliet.com\/#organization","name":"Beach Resort Nieuwvliet-Bad","url":"https:\/\/roompot-nieuwvliet.com\/","logo":{"@type":"ImageObject","inLanguage":"en-US","@id":"https:\/\/roompot-nieuwvliet.com\/#\/schema\/logo\/image\/","url":"https:\/\/roompot-nieuwvliet.com\/wp-content\/uploads\/2021\/03\/Bild-Haus-Drohne.jpg","contentUrl":"https:\/\/roompot-nieuwvliet.com\/wp-content\/uploads\/2021\/03\/Bild-Haus-Drohne.jpg","width":944,"height":631,"caption":"Beach Resort Nieuwvliet-Bad"},"image":{"@id":"https:\/\/roompot-nieuwvliet.com\/#\/schema\/logo\/image\/"},"sameAs":["https:\/\/www.pinterest.de\/roompotnieuwvliet\/_saved\/"]}]}},"jetpack_sharing_enabled":true,"_links":{"self":[{"href":"https:\/\/roompot-nieuwvliet.com\/en\/wp-json\/wp\/v2\/pages\/33","targetHints":{"allow":["GET"]}}],"collection":[{"href":"https:\/\/roompot-nieuwvliet.com\/en\/wp-json\/wp\/v2\/pages"}],"about":[{"href":"https:\/\/roompot-nieuwvliet.com\/en\/wp-json\/wp\/v2\/types\/page"}],"author":[{"embeddable":true,"href":"https:\/\/roompot-nieuwvliet.com\/en\/wp-json\/wp\/v2\/users\/1"}],"replies":[{"embeddable":true,"href":"https:\/\/roompot-nieuwvliet.com\/en\/wp-json\/wp\/v2\/comments?post=33"}],"version-history":[{"count":7,"href":"https:\/\/roompot-nieuwvliet.com\/en\/wp-json\/wp\/v2\/pages\/33\/revisions"}],"predecessor-version":[{"id":155,"href":"https:\/\/roompot-nieuwvliet.com\/en\/wp-json\/wp\/v2\/pages\/33\/revisions\/155"}],"wp:attachment":[{"href":"https:\/\/roompot-nieuwvliet.com\/en\/wp-json\/wp\/v2\/media?parent=33"}],"curies":[{"name":"wp","href":"https:\/\/api.w.org\/{rel}","templated":true}]}}